{"id":290,"date":"2020-01-06T17:56:54","date_gmt":"2020-01-06T16:56:54","guid":{"rendered":"http:\/\/tonheidi.pic2rise.me\/?page_id=290"},"modified":"2024-11-10T13:05:43","modified_gmt":"2024-11-10T12:05:43","slug":"290-2","status":"publish","type":"page","link":"https:\/\/bastian-keramik.de\/index.php\/290-2\/","title":{"rendered":"Impressum"},"content":{"rendered":"\n<p class=\"has-black-color has-text-color has-link-color wp-elements-db2f257036603f2fa4070c9450923a7f\"><strong>Angaben gem\u00e4\u00df \u00a7 5 TMG:<\/strong><\/p>\n\n\n\n<p class=\"has-black-color has-text-color has-link-color wp-elements-607a5453ca812ecfab50cea13ca01c8f\">Heidrun Bastian<br>Haasower Stra\u00dfe 2<br>03052 Cottbus<\/p>\n\n\n\n<p class=\"has-black-color has-text-color has-link-color wp-elements-c11c6c33b3bea9ab0f262beb6f97f822\"><strong>Kontakt:<\/strong><br>E-Mail-Adresse:&nbsp;<a href=\"mailto:heidrun_bastian@gmx.de\">heidrun_bastian@gmx.de<\/a><\/p>\n\n\n\n<p class=\"has-black-color has-text-color has-link-color wp-elements-f2637d34a15a6e0489bceea8741c608b\">Die inhaltliche Verantwortung liegt bei Heidrun Bastian. Die technische Umsetzung erfolgt durch Henry Bastian.<\/p>\n\n\n\n<p class=\"has-black-color has-text-color has-link-color wp-elements-827b69734b3f58068c8cca63e8f2a6a0\"><strong>Streitschlichtung:<\/strong><br>Wir sind nicht bereit oder verpflichtet, an Streitbeteiligungsverfahren vor einer Verbraucherschlichtungsstelle teilzunehmen.<\/p>\n\n\n\n<p class=\"has-black-color has-text-color has-link-color wp-elements-2e7538b38db1f843ab10ff1194a1853c\"><strong>Datenschutzerkl\u00e4rung<\/strong><br><br><strong>1. Datenschutz auf einen Blick<br><\/strong><br><strong>Allgemeine Hinweise<\/strong><br>Die folgenden Informationen geben Ihnen einen \u00dcberblick dar\u00fcber, was mit Ihren personenbezogenen Daten passiert, wenn Sie unsere Website besuchen. Personenbezogene Daten sind Informationen, durch die Sie pers\u00f6nlich identifiziert werden k\u00f6nnen. Ausf\u00fchrliche Informationen zum Datenschutz finden Sie in der vollst\u00e4ndigen Datenschutzerkl\u00e4rung unten.<br><br><strong>Datenerfassung auf unserer Website<\/strong><br><br>    <strong>Wer ist verantwortlich f\u00fcr die Datenerfassung auf dieser Website?<\/strong><br><br>    Die Datenverarbeitung erfolgt durch den Websitebetreiber. Die Kontaktdaten k\u00f6nnen Sie <a href=\"#Verantwortliche_Stelle\">hier<\/a> entnehmen.<br>    <br>    <strong>Wie erfassen wir Ihre Daten?<\/strong><br><br>    Die Daten werden automatisch beim Besuch der Website durch unsere IT-Systeme erfasst. Zu diesen technischen Daten geh\u00f6ren: Internetbrowser, IP-Adresse, Betriebssystem, die aufgerufene URI sowie die Uhrzeit des Seitenaufrufs.<br>    <br>    <strong>Wof\u00fcr nutzen wir Ihre Daten?<\/strong><br><br>    Ein Teil der Daten wird erhoben, um eine fehlerfreie Bereitstellung der Website zu gew\u00e4hrleisten; andere Daten helfen uns, das Nutzerverhalten zu analysieren.<br>    <br>    <strong>Welche Rechte haben Sie bez\u00fcglich Ihrer Daten?<\/strong><br><br>    Sie haben jederzeit das Recht, unentgeltlich Auskunft \u00fcber die Herkunft, den Empf\u00e4nger und den Zweck Ihrer gespeicherten personenbezogenen Daten zu erhalten sowie ein Recht auf Berichtigung, Sperrung oder L\u00f6schung dieser Daten. Dazu und zu weiteren Fragen zum Datenschutz k\u00f6nnen Sie sich jederzeit an uns wenden. Zudem steht Ihnen ein Beschwerderecht bei der zust\u00e4ndigen Aufsichtsbeh\u00f6rde zu.<br><br><br><strong>2. Allgemeine Hinweise und Pflichtinformationen<br><\/strong><br><strong>Datenschutz<\/strong><br>Wir nehmen den Schutz Ihrer personenbezogenen Daten sehr ernst und behandeln diese vertraulich sowie entsprechend der gesetzlichen Datenschutzvorschriften und dieser Datenschutzerkl\u00e4rung.<br><br><strong>Hinweis zur verantwortlichen Stelle<\/strong><br><a name=\"Verantwortliche_Stelle\"><\/a>Die verantwortliche Stelle f\u00fcr die Datenverarbeitung auf dieser Website ist:<br><br><strong>Henry Bastian<\/strong><br><br>M\u00f6ckernstra\u00dfe 78<br>10965 Berlin<br>E-Mail: <a href=\"mailto:h.schomann@gmx.de\">h.schomann@gmx.de<\/a><br><br>Die verantwortliche Stelle ist die nat\u00fcrliche oder juristische Person, die allein oder gemeinsam \u00fcber die Zwecke und Mittel der Verarbeitung personenbezogener Daten entscheidet.<br><br><strong>Widerruf Ihrer Einwilligung zur Datenverarbeitung<\/strong><br>Viele Datenverarbeitungsvorg\u00e4nge sind nur mit Ihrer ausdr\u00fccklichen Einwilligung m\u00f6glich. Eine bereits erteilte Einwilligung k\u00f6nnen Sie jederzeit durch eine formlose Mitteilung per E-Mail an uns widerrufen. Die Rechtm\u00e4\u00dfigkeit der bis zum Widerruf erfolgten Datenverarbeitung bleibt unber\u00fchrt.<br><br><strong>Beschwerderecht bei der zust\u00e4ndigen Aufsichtsbeh\u00f6rde<\/strong><br>Im Falle datenschutzrechtlicher Verst\u00f6\u00dfe haben Sie ein Beschwerderecht bei der zust\u00e4ndigen Aufsichtsbeh\u00f6rde. Die zust\u00e4ndige Aufsichtsbeh\u00f6rde in Datenschutzfragen ist der Landesdatenschutzbeauftragte des Bundeslandes, in dem unser Unternehmen seinen Sitz hat. Eine Liste der Datenschutzbeauftragten und deren Kontaktdaten finden Sie <a href=\"https:\/\/www.bfdi.bund.de\/DE\/Infothek\/Anschriften_Links\/anschriften_links-node.html\" target=\"_blank\" rel=\"noreferrer noopener\">hier<\/a>.<br><br><strong>Recht auf Daten\u00fcbertragbarkeit<\/strong><br>Sie haben das Recht, Daten, die wir auf Grundlage Ihrer Einwilligung oder zur Vertragserf\u00fcllung automatisiert verarbeiten, in einem g\u00e4ngigen, maschinenlesbaren Format an sich oder an einen Dritten aush\u00e4ndigen zu lassen.<br><br><strong>SSL- bzw. TLS-Verschl\u00fcsselung<\/strong><br>Diese Seite nutzt eine SSL- bzw. TLS-Verschl\u00fcsselung, um die \u00dcbertragung vertraulicher Inhalte zu sch\u00fctzen. Eine verschl\u00fcsselte Verbindung erkennen Sie daran, dass die Adresszeile des Browsers auf \u201ehttps:\/\/\u201c wechselt und an dem Schloss-Symbol in Ihrer Browserzeile.<br><br><strong>Auskunft, Sperrung, L\u00f6schung<\/strong><br>Sie haben das Recht, jederzeit unentgeltlich Auskunft \u00fcber Ihre gespeicherten personenbezogenen Daten zu erhalten, sowie ein Recht auf Berichtigung, Sperrung oder L\u00f6schung dieser Daten.<br><br><strong>Widerspruch gegen Werbe-Mails<\/strong><br>Der Nutzung unserer im Rahmen der Impressumspflicht ver\u00f6ffentlichten Kontaktdaten zur Zusendung nicht ausdr\u00fccklich angeforderter Werbung wird hiermit widersprochen.<br><br><strong>3. Datenerfassung auf unserer Website<br><\/strong><br><strong>Server-Log-Dateien<\/strong><br>Beim Besuch unserer Website erhebt und speichert unser Provider automatisch Informationen in sogenannten Server-Log-Dateien. Diese umfassen:<br><br>    Browsertyp und Browserversion<br>    Verwendetes Betriebssystem<br>    Aufgerufene URI<br>    Hostname des zugreifenden Rechners<br>    Uhrzeit der Serveranfrage<br>    IP-Adresse<br><br>Diese Daten werden nicht mit anderen Datenquellen zusammengef\u00fchrt. Grundlage f\u00fcr die Datenverarbeitung ist Art. 6 Abs. 1 lit. b DSGVO, der die Verarbeitung zur Erf\u00fcllung eines Vertrags oder vorvertraglicher Ma\u00dfnahmen erlaubt.<br><br>Diese Datenschutzerkl\u00e4rung informiert Sie umfassend und transparent \u00fcber die Art, den Zweck und die Grundlage der Datenverarbeitung.<\/p>\n","protected":false},"excerpt":{"rendered":"<p>Angaben gem\u00e4\u00df \u00a7 5 TMG: Heidrun BastianHaasower Stra\u00dfe 203052 Cottbus Kontakt:E-Mail-Adresse:&nbsp;heidrun_bastian@gmx.de Die inhaltliche Verantwortung liegt bei Heidrun Bastian. Die technische Umsetzung erfolgt durch Henry Bastian. Streitschlichtung:Wir sind nicht bereit oder verpflichtet, an Streitbeteiligungsverfahren vor einer Verbraucherschlichtungsstelle teilzunehmen. Datenschutzerkl\u00e4rung 1. Datenschutz auf einen BlickAllgemeine HinweiseDie folgenden Informationen geben Ihnen einen \u00dcberblick dar\u00fcber, was mit Ihren personenbezogenen Daten passiert, wenn Sie unsere Website besuchen. Personenbezogene Daten sind Informationen, durch die Sie pers\u00f6nlich identifiziert werden k\u00f6nnen. Ausf\u00fchrliche Informationen zum Datenschutz finden Sie in der vollst\u00e4ndigen Datenschutzerkl\u00e4rung unten. Datenerfassung auf unserer Website Wer ist verantwortlich f\u00fcr die Datenerfassung auf dieser Website? Die Datenverarbeitung erfolgt durch den Websitebetreiber. Die Kontaktdaten k\u00f6nnen Sie hier entnehmen. Wie&hellip; <a class=\"read-more\" href=\"https:\/\/bastian-keramik.de\/index.php\/290-2\/\">Mehr Lesen<\/a><\/p>\n","protected":false},"author":1,"featured_media":0,"parent":0,"menu_order":0,"comment_status":"closed","ping_status":"closed","template":"","meta":{"footnotes":""},"class_list":["post-290","page","type-page","status-publish","hentry"],"_links":{"self":[{"href":"https:\/\/bastian-keramik.de\/index.php\/wp-json\/wp\/v2\/pages\/290"}],"collection":[{"href":"https:\/\/bastian-keramik.de\/index.php\/wp-json\/wp\/v2\/pages"}],"about":[{"href":"https:\/\/bastian-keramik.de\/index.php\/wp-json\/wp\/v2\/types\/page"}],"author":[{"embeddable":true,"href":"https:\/\/bastian-keramik.de\/index.php\/wp-json\/wp\/v2\/users\/1"}],"replies":[{"embeddable":true,"href":"https:\/\/bastian-keramik.de\/index.php\/wp-json\/wp\/v2\/comments?post=290"}],"version-history":[{"count":17,"href":"https:\/\/bastian-keramik.de\/index.php\/wp-json\/wp\/v2\/pages\/290\/revisions"}],"predecessor-version":[{"id":581,"href":"https:\/\/bastian-keramik.de\/index.php\/wp-json\/wp\/v2\/pages\/290\/revisions\/581"}],"wp:attachment":[{"href":"https:\/\/bastian-keramik.de\/index.php\/wp-json\/wp\/v2\/media?parent=290"}],"curies":[{"name":"wp","href":"https:\/\/api.w.org\/{rel}","templated":true}]}}